{"id":1038,"date":"2024-01-25T09:56:59","date_gmt":"2024-01-25T09:56:59","guid":{"rendered":"https:\/\/boersenpost.com\/?page_id=1038"},"modified":"2024-03-25T11:56:26","modified_gmt":"2024-03-25T11:56:26","slug":"news","status":"publish","type":"page","link":"https:\/\/boersenpost.com\/en\/news\/","title":{"rendered":"News"},"content":{"rendered":"\t\t<div data-elementor-type=\"wp-page\" data-elementor-id=\"1038\" class=\"elementor elementor-1038\">\n\t\t\t\t\t\t<section class=\"elementor-section elementor-top-section elementor-element elementor-element-5eb11e3 elementor-section-stretched elementor-section-boxed elementor-section-height-default elementor-section-height-default\" data-id=\"5eb11e3\" data-element_type=\"section\" data-settings=\"{&quot;stretch_section&quot;:&quot;section-stretched&quot;,&quot;background_background&quot;:&quot;classic&quot;}\">\n\t\t\t\t\t\t<div class=\"elementor-container elementor-column-gap-wider\">\n\t\t\t\t\t<div class=\"elementor-column elementor-col-100 elementor-top-column elementor-element elementor-element-b34d2c6\" data-id=\"b34d2c6\" data-element_type=\"column\">\n\t\t\t<div class=\"elementor-widget-wrap elementor-element-populated\">\n\t\t\t\t\t\t<section class=\"elementor-section elementor-inner-section elementor-element elementor-element-02be7ad elementor-section-boxed elementor-section-height-default elementor-section-height-default\" data-id=\"02be7ad\" data-element_type=\"section\">\n\t\t\t\t\t\t<div class=\"elementor-container elementor-column-gap-default\">\n\t\t\t\t\t<div class=\"elementor-column elementor-col-100 elementor-inner-column elementor-element elementor-element-a45729b\" data-id=\"a45729b\" data-element_type=\"column\">\n\t\t\t<div class=\"elementor-widget-wrap elementor-element-populated\">\n\t\t\t\t\t\t<div class=\"elementor-element elementor-element-ce50882 elementor-widget elementor-widget-text-editor\" data-id=\"ce50882\" data-element_type=\"widget\" data-widget_type=\"text-editor.default\">\n\t\t\t\t<div class=\"elementor-widget-container\">\n\t\t\t\t\t\t\t\t\t<h6><img decoding=\"async\" class=\"alignnone size-full wp-image-51\" src=\"https:\/\/boersenpost.com\/wp-content\/uploads\/2020\/12\/finance4-slider-icon1.png\" alt=\"\" width=\"22\" height=\"15\" \/><\/h6><h6>LATEST NEWS<\/h6>\t\t\t\t\t\t\t\t<\/div>\n\t\t\t\t<\/div>\n\t\t\t\t<div class=\"elementor-element elementor-element-69c7418 elementor-widget elementor-widget-text-editor\" data-id=\"69c7418\" data-element_type=\"widget\" data-widget_type=\"text-editor.default\">\n\t\t\t\t<div class=\"elementor-widget-container\">\n\t\t\t\t\t\t\t\t\t<h2><span style=\"color: #f7f7f7;\">Check the latest top news about <span style=\"color: #5fd58c;\">small caps<\/span> in one place<\/span><\/h2>\t\t\t\t\t\t\t\t<\/div>\n\t\t\t\t<\/div>\n\t\t\t\t\t<\/div>\n\t\t<\/div>\n\t\t\t\t\t<\/div>\n\t\t<\/section>\n\t\t\t\t<div class=\"elementor-element elementor-element-6035f84 elementor-widget elementor-widget-spacer\" data-id=\"6035f84\" data-element_type=\"widget\" data-widget_type=\"spacer.default\">\n\t\t\t\t<div class=\"elementor-widget-container\">\n\t\t\t\t\t\t\t<div class=\"elementor-spacer\">\n\t\t\t<div class=\"elementor-spacer-inner\"><\/div>\n\t\t<\/div>\n\t\t\t\t\t\t<\/div>\n\t\t\t\t<\/div>\n\t\t\t\t\t<\/div>\n\t\t<\/div>\n\t\t\t\t\t<\/div>\n\t\t<\/section>\n\t\t\t\t<section class=\"elementor-section elementor-top-section elementor-element elementor-element-dcb2da9 elementor-section-full_width elementor-section-stretched elementor-section-height-default elementor-section-height-default\" data-id=\"dcb2da9\" data-element_type=\"section\" data-settings=\"{&quot;stretch_section&quot;:&quot;section-stretched&quot;}\">\n\t\t\t\t\t\t<div class=\"elementor-container elementor-column-gap-no\">\n\t\t\t\t\t<div class=\"elementor-column elementor-col-100 elementor-top-column elementor-element elementor-element-db77153\" data-id=\"db77153\" data-element_type=\"column\">\n\t\t\t<div class=\"elementor-widget-wrap elementor-element-populated\">\n\t\t\t\t\t\t\t<\/div>\n\t\t<\/div>\n\t\t\t\t\t<\/div>\n\t\t<\/section>\n\t\t\t\t<section class=\"elementor-section elementor-top-section elementor-element elementor-element-f7fbbc0 elementor-section-boxed elementor-section-height-default elementor-section-height-default\" data-id=\"f7fbbc0\" data-element_type=\"section\">\n\t\t\t\t\t\t<div class=\"elementor-container elementor-column-gap-default\">\n\t\t\t\t\t<div class=\"elementor-column elementor-col-100 elementor-top-column elementor-element elementor-element-4a60a92\" data-id=\"4a60a92\" data-element_type=\"column\">\n\t\t\t<div class=\"elementor-widget-wrap elementor-element-populated\">\n\t\t\t\t\t\t<div class=\"elementor-element elementor-element-d3b356c elementor-widget elementor-widget-mfn_blog\" data-id=\"d3b356c\" data-element_type=\"widget\" data-widget_type=\"mfn_blog.default\">\n\t\t\t\t<div class=\"elementor-widget-container\">\n\t\t\t\t\t<div class=\"column_filters\"><div class=\"blog_wrapper isotope_wrapper clearfix\"><div class=\"posts_group lm_wrapper col-3 photo2\"><article class=\"post post-item isotope-item clearfix post-2746 type-post status-publish format-standard has-post-thumbnail hentry category-news\" style=\"\"><div class=\"date_label\">May 15, 2024<\/div><div class=\"button-love\"><\/div><div class=\"image_frame post-photo-wrapper scale-with-grid images_only\"><div class=\"image_wrapper\"><a href=\"https:\/\/boersenpost.com\/en\/2024\/05\/15\/temas-resources-gibt-abschluss-einer-optionsvereinbarung-fuer-den-kauf-des-la-blache\/\"><div class=\"mask\"><\/div><img fetchpriority=\"high\" decoding=\"async\" width=\"683\" height=\"480\" src=\"https:\/\/boersenpost.com\/wp-content\/uploads\/2024\/05\/temas_resources_lake-960x675.webp\" class=\"scale-with-grid wp-post-image\" alt=\"\" \/><\/a><div class=\"image_links double\"><a class=\"zoom tooltip\" data-tooltip=\"Zoom\" data-position=\"left\" rel=\"prettyphoto\" href=\"https:\/\/boersenpost.com\/wp-content\/uploads\/2024\/05\/temas_resources_lake-e1717427852217.webp\"><svg viewBox=\"0 0 26 26\"><defs><style>.path{fill:none;stroke:#333;stroke-miterlimit:10;stroke-width:1.5px;}<\/style><\/defs><circle cx=\"11.35\" cy=\"11.35\" r=\"6\" class=\"path\"><\/circle><line x1=\"15.59\" y1=\"15.59\" x2=\"20.65\" y2=\"20.65\" class=\"path\"><\/line><\/svg><\/a><a class=\"link tooltip\" data-tooltip=\"Details\" data-position=\"left\" href=\"https:\/\/boersenpost.com\/en\/2024\/05\/15\/temas-resources-gibt-abschluss-einer-optionsvereinbarung-fuer-den-kauf-des-la-blache\/\"><svg viewBox=\"0 0 26 26\"><defs><style>.path{fill:none;stroke:#333;stroke-miterlimit:10;stroke-width:1.5px;}<\/style><\/defs><g><path d=\"M10.17,8.76l2.12-2.12a5,5,0,0,1,7.07,0h0a5,5,0,0,1,0,7.07l-2.12,2.12\" class=\"path\"><\/path><path d=\"M15.83,17.24l-2.12,2.12a5,5,0,0,1-7.07,0h0a5,5,0,0,1,0-7.07l2.12-2.12\" class=\"path\"><\/path><line x1=\"10.17\" y1=\"15.83\" x2=\"15.83\" y2=\"10.17\" class=\"path\"><\/line><\/g><\/svg><\/a><\/div><\/div><\/div><div class=\"post-desc-wrapper bg- has-custom-bg\" style=\"\"><div class=\"post-desc\"><div class=\"post-head\"><div class=\"post-meta clearfix\"><div class=\"author-date\"><span class=\"date\"><i class=\"icon-clock\" aria-label=\"published\"><\/i> <span class=\"post-date updated\">May 15, 2024<\/span><\/span><\/div><div class=\"category\"><span class=\"cat-btn\">Categories <i class=\"icon-down-dir\" aria-hidden=\"true\"><\/i><\/span><div class=\"cat-wrapper\"><ul class=\"post-categories\">\n\t<li><a href=\"https:\/\/boersenpost.com\/en\/category\/news\/\" rel=\"category tag\">News<\/a><\/li><\/ul><\/div><\/div><\/div><\/div><div class=\"post-title\"><h3 class=\"entry-title\" itemprop=\"headline\"><a href=\"https:\/\/boersenpost.com\/en\/2024\/05\/15\/temas-resources-gibt-abschluss-einer-optionsvereinbarung-fuer-den-kauf-des-la-blache\/\">Temas Resources share price gains 28%: Insiders may regret not having invested more<\/a><\/h3><\/div><div class=\"post-excerpt\">Temas Resources share price gains 28%: Insiders may regret not having invested more \u00a0 Insiders who have bought shares in Tema Resources over the last 12<span class=\"excerpt-hellip\"> [\u2026]<\/span><\/div><div class=\"post-footer\"><span class=\"date\"><i class=\"icon-clock\" aria-label=\"published\"><\/i> <span class=\"post-date updated\">May 15, 2024<\/span><\/span><\/div><\/div><\/div><\/article><article class=\"post post-item isotope-item clearfix post-2708 type-post status-publish format-standard has-post-thumbnail hentry category-news\" style=\"\"><div class=\"date_label\">April 2, 2024<\/div><div class=\"button-love\"><\/div><div class=\"image_frame post-photo-wrapper scale-with-grid images_only\"><div class=\"image_wrapper\"><a href=\"https:\/\/boersenpost.com\/en\/2024\/04\/02\/temas-resources-abschuluss-optionsvereinbarung-la-blanche\/\"><div class=\"mask\"><\/div><img decoding=\"async\" width=\"853\" height=\"480\" src=\"https:\/\/boersenpost.com\/wp-content\/uploads\/2024\/03\/Lac_Brule_Project-1200x675.webp\" class=\"scale-with-grid wp-post-image\" alt=\"\" \/><\/a><div class=\"image_links double\"><a class=\"zoom tooltip\" data-tooltip=\"Zoom\" data-position=\"left\" rel=\"prettyphoto\" href=\"https:\/\/boersenpost.com\/wp-content\/uploads\/2024\/03\/Lac_Brule_Project-848x1200.webp\"><svg viewBox=\"0 0 26 26\"><defs><style>.path{fill:none;stroke:#333;stroke-miterlimit:10;stroke-width:1.5px;}<\/style><\/defs><circle cx=\"11.35\" cy=\"11.35\" r=\"6\" class=\"path\"><\/circle><line x1=\"15.59\" y1=\"15.59\" x2=\"20.65\" y2=\"20.65\" class=\"path\"><\/line><\/svg><\/a><a class=\"link tooltip\" data-tooltip=\"Details\" data-position=\"left\" href=\"https:\/\/boersenpost.com\/en\/2024\/04\/02\/temas-resources-abschuluss-optionsvereinbarung-la-blanche\/\"><svg viewBox=\"0 0 26 26\"><defs><style>.path{fill:none;stroke:#333;stroke-miterlimit:10;stroke-width:1.5px;}<\/style><\/defs><g><path d=\"M10.17,8.76l2.12-2.12a5,5,0,0,1,7.07,0h0a5,5,0,0,1,0,7.07l-2.12,2.12\" class=\"path\"><\/path><path d=\"M15.83,17.24l-2.12,2.12a5,5,0,0,1-7.07,0h0a5,5,0,0,1,0-7.07l2.12-2.12\" class=\"path\"><\/path><line x1=\"10.17\" y1=\"15.83\" x2=\"15.83\" y2=\"10.17\" class=\"path\"><\/line><\/g><\/svg><\/a><\/div><\/div><\/div><div class=\"post-desc-wrapper bg- has-custom-bg\" style=\"\"><div class=\"post-desc\"><div class=\"post-head\"><div class=\"post-meta clearfix\"><div class=\"author-date\"><span class=\"date\"><i class=\"icon-clock\" aria-label=\"published\"><\/i> <span class=\"post-date updated\">April 2, 2024<\/span><\/span><\/div><div class=\"category\"><span class=\"cat-btn\">Categories <i class=\"icon-down-dir\" aria-hidden=\"true\"><\/i><\/span><div class=\"cat-wrapper\"><ul class=\"post-categories\">\n\t<li><a href=\"https:\/\/boersenpost.com\/en\/category\/news\/\" rel=\"category tag\">News<\/a><\/li><\/ul><\/div><\/div><\/div><\/div><div class=\"post-title\"><h3 class=\"entry-title\" itemprop=\"headline\"><a href=\"https:\/\/boersenpost.com\/en\/2024\/04\/02\/temas-resources-abschuluss-optionsvereinbarung-la-blanche\/\">Temas Resources gibt Abschluss einer Optionsvereinbarung f\u00fcr den Kauf des La Blache<\/a><\/h3><\/div><div class=\"post-excerpt\">Lake Extension Grundst\u00fccks bekannt Temas Resources gibt Abschluss einer Optionsvereinbarung f\u00fcr den Kauf des La Blache Lake Extension Grundst\u00fccks bekannt Temas Resources gibt Abschluss einer Optionsvereinbarung<span class=\"excerpt-hellip\"> [\u2026]<\/span><\/div><div class=\"post-footer\"><span class=\"date\"><i class=\"icon-clock\" aria-label=\"published\"><\/i> <span class=\"post-date updated\">April 2, 2024<\/span><\/span><\/div><\/div><\/div><\/article><article class=\"post post-item isotope-item clearfix post-991 type-post status-publish format-standard has-post-thumbnail hentry category-news\" style=\"\"><div class=\"date_label\">January 23, 2024<\/div><div class=\"button-love\"><\/div><div class=\"image_frame post-photo-wrapper scale-with-grid images_only\"><div class=\"image_wrapper\"><a href=\"https:\/\/boersenpost.com\/en\/2024\/01\/23\/vanadium-revolutionizing-energy-storage\/\"><div class=\"mask\"><\/div><img loading=\"lazy\" decoding=\"async\" width=\"853\" height=\"480\" src=\"https:\/\/boersenpost.com\/wp-content\/uploads\/2024\/01\/close-up-view-colorful-make-up-powder-1200x675.webp\" class=\"scale-with-grid wp-post-image\" alt=\"\" \/><\/a><div class=\"image_links double\"><a class=\"zoom tooltip\" data-tooltip=\"Zoom\" data-position=\"left\" rel=\"prettyphoto\" href=\"https:\/\/boersenpost.com\/wp-content\/uploads\/2024\/01\/close-up-view-colorful-make-up-powder-1200x800.webp\"><svg viewBox=\"0 0 26 26\"><defs><style>.path{fill:none;stroke:#333;stroke-miterlimit:10;stroke-width:1.5px;}<\/style><\/defs><circle cx=\"11.35\" cy=\"11.35\" r=\"6\" class=\"path\"><\/circle><line x1=\"15.59\" y1=\"15.59\" x2=\"20.65\" y2=\"20.65\" class=\"path\"><\/line><\/svg><\/a><a class=\"link tooltip\" data-tooltip=\"Details\" data-position=\"left\" href=\"https:\/\/boersenpost.com\/en\/2024\/01\/23\/vanadium-revolutionizing-energy-storage\/\"><svg viewBox=\"0 0 26 26\"><defs><style>.path{fill:none;stroke:#333;stroke-miterlimit:10;stroke-width:1.5px;}<\/style><\/defs><g><path d=\"M10.17,8.76l2.12-2.12a5,5,0,0,1,7.07,0h0a5,5,0,0,1,0,7.07l-2.12,2.12\" class=\"path\"><\/path><path d=\"M15.83,17.24l-2.12,2.12a5,5,0,0,1-7.07,0h0a5,5,0,0,1,0-7.07l2.12-2.12\" class=\"path\"><\/path><line x1=\"10.17\" y1=\"15.83\" x2=\"15.83\" y2=\"10.17\" class=\"path\"><\/line><\/g><\/svg><\/a><\/div><\/div><\/div><div class=\"post-desc-wrapper bg- has-custom-bg\" style=\"\"><div class=\"post-desc\"><div class=\"post-head\"><div class=\"post-meta clearfix\"><div class=\"author-date\"><span class=\"date\"><i class=\"icon-clock\" aria-label=\"published\"><\/i> <span class=\"post-date updated\">January 23, 2024<\/span><\/span><\/div><div class=\"category\"><span class=\"cat-btn\">Categories <i class=\"icon-down-dir\" aria-hidden=\"true\"><\/i><\/span><div class=\"cat-wrapper\"><ul class=\"post-categories\">\n\t<li><a href=\"https:\/\/boersenpost.com\/en\/category\/news\/\" rel=\"category tag\">News<\/a><\/li><\/ul><\/div><\/div><\/div><\/div><div class=\"post-title\"><h3 class=\"entry-title\" itemprop=\"headline\"><a href=\"https:\/\/boersenpost.com\/en\/2024\/01\/23\/vanadium-revolutionizing-energy-storage\/\">Unlock the Power of Vanadium: Revolutionizing Energy Storage<\/a><\/h3><\/div><div class=\"post-excerpt\">Unlock the Power of Vanadium: Revolutionizing Energy Storage \u00a0 Harness the Strength of Vanadium for Reliable Energy Storage Solutions Vanadium, a remarkable metallic element, holds immense<span class=\"excerpt-hellip\"> [\u2026]<\/span><\/div><div class=\"post-footer\"><span class=\"date\"><i class=\"icon-clock\" aria-label=\"published\"><\/i> <span class=\"post-date updated\">January 23, 2024<\/span><\/span><\/div><\/div><\/div><\/article><article class=\"post post-item isotope-item clearfix post-965 type-post status-publish format-standard has-post-thumbnail hentry category-news\" style=\"\"><div class=\"date_label\">January 23, 2024<\/div><div class=\"button-love\"><\/div><div class=\"image_frame post-photo-wrapper scale-with-grid images_only\"><div class=\"image_wrapper\"><a href=\"https:\/\/boersenpost.com\/en\/2024\/01\/23\/troy-mineral-first-member-advisory-board\/\"><div class=\"mask\"><\/div><img loading=\"lazy\" decoding=\"async\" width=\"853\" height=\"480\" src=\"https:\/\/boersenpost.com\/wp-content\/uploads\/2024\/01\/Michel_Jebrak_Image-1200x675.webp\" class=\"scale-with-grid wp-post-image\" alt=\"\" \/><\/a><div class=\"image_links double\"><a class=\"zoom tooltip\" data-tooltip=\"Zoom\" data-position=\"left\" rel=\"prettyphoto\" href=\"https:\/\/boersenpost.com\/wp-content\/uploads\/2024\/01\/Michel_Jebrak_Image-1200x591.webp\"><svg viewBox=\"0 0 26 26\"><defs><style>.path{fill:none;stroke:#333;stroke-miterlimit:10;stroke-width:1.5px;}<\/style><\/defs><circle cx=\"11.35\" cy=\"11.35\" r=\"6\" class=\"path\"><\/circle><line x1=\"15.59\" y1=\"15.59\" x2=\"20.65\" y2=\"20.65\" class=\"path\"><\/line><\/svg><\/a><a class=\"link tooltip\" data-tooltip=\"Details\" data-position=\"left\" href=\"https:\/\/boersenpost.com\/en\/2024\/01\/23\/troy-mineral-first-member-advisory-board\/\"><svg viewBox=\"0 0 26 26\"><defs><style>.path{fill:none;stroke:#333;stroke-miterlimit:10;stroke-width:1.5px;}<\/style><\/defs><g><path d=\"M10.17,8.76l2.12-2.12a5,5,0,0,1,7.07,0h0a5,5,0,0,1,0,7.07l-2.12,2.12\" class=\"path\"><\/path><path d=\"M15.83,17.24l-2.12,2.12a5,5,0,0,1-7.07,0h0a5,5,0,0,1,0-7.07l2.12-2.12\" class=\"path\"><\/path><line x1=\"10.17\" y1=\"15.83\" x2=\"15.83\" y2=\"10.17\" class=\"path\"><\/line><\/g><\/svg><\/a><\/div><\/div><\/div><div class=\"post-desc-wrapper bg- has-custom-bg\" style=\"\"><div class=\"post-desc\"><div class=\"post-head\"><div class=\"post-meta clearfix\"><div class=\"author-date\"><span class=\"date\"><i class=\"icon-clock\" aria-label=\"published\"><\/i> <span class=\"post-date updated\">January 23, 2024<\/span><\/span><\/div><div class=\"category\"><span class=\"cat-btn\">Categories <i class=\"icon-down-dir\" aria-hidden=\"true\"><\/i><\/span><div class=\"cat-wrapper\"><ul class=\"post-categories\">\n\t<li><a href=\"https:\/\/boersenpost.com\/en\/category\/news\/\" rel=\"category tag\">News<\/a><\/li><\/ul><\/div><\/div><\/div><\/div><div class=\"post-title\"><h3 class=\"entry-title\" itemprop=\"headline\"><a href=\"https:\/\/boersenpost.com\/en\/2024\/01\/23\/troy-mineral-first-member-advisory-board\/\">Michel J\u00e9brak, First Member of Troy Minerals&#8217; Strategic Advisory Board<\/a><\/h3><\/div><div class=\"post-excerpt\">Michel J\u00e9brak, First Member of Troy Minerals&#8217; Strategic Advisory Board \u00a0 Michel J\u00e9brak brings a wealth of experience and expertise to Troy Minerals. With a distinguished<span class=\"excerpt-hellip\"> [\u2026]<\/span><\/div><div class=\"post-footer\"><span class=\"date\"><i class=\"icon-clock\" aria-label=\"published\"><\/i> <span class=\"post-date updated\">January 23, 2024<\/span><\/span><\/div><\/div><\/div><\/article><article class=\"post post-item isotope-item clearfix post-958 type-post status-publish format-standard has-post-thumbnail hentry category-news\" style=\"\"><div class=\"date_label\">January 23, 2024<\/div><div class=\"button-love\"><\/div><div class=\"image_frame post-photo-wrapper scale-with-grid images_only\"><div class=\"image_wrapper\"><a href=\"https:\/\/boersenpost.com\/en\/2024\/01\/23\/troy-minerals-lac-jacques-project\/\"><div class=\"mask\"><\/div><img loading=\"lazy\" decoding=\"async\" width=\"853\" height=\"480\" src=\"https:\/\/boersenpost.com\/wp-content\/uploads\/2024\/01\/Troy_Minerals_Lac_St_Jaques_Rare_Earth_Projekt-1-1200x675.webp\" class=\"scale-with-grid wp-post-image\" alt=\"\" \/><\/a><div class=\"image_links double\"><a class=\"zoom tooltip\" data-tooltip=\"Zoom\" data-position=\"left\" rel=\"prettyphoto\" href=\"https:\/\/boersenpost.com\/wp-content\/uploads\/2024\/01\/Troy_Minerals_Lac_St_Jaques_Rare_Earth_Projekt-1-1200x920.webp\"><svg viewBox=\"0 0 26 26\"><defs><style>.path{fill:none;stroke:#333;stroke-miterlimit:10;stroke-width:1.5px;}<\/style><\/defs><circle cx=\"11.35\" cy=\"11.35\" r=\"6\" class=\"path\"><\/circle><line x1=\"15.59\" y1=\"15.59\" x2=\"20.65\" y2=\"20.65\" class=\"path\"><\/line><\/svg><\/a><a class=\"link tooltip\" data-tooltip=\"Details\" data-position=\"left\" href=\"https:\/\/boersenpost.com\/en\/2024\/01\/23\/troy-minerals-lac-jacques-project\/\"><svg viewBox=\"0 0 26 26\"><defs><style>.path{fill:none;stroke:#333;stroke-miterlimit:10;stroke-width:1.5px;}<\/style><\/defs><g><path d=\"M10.17,8.76l2.12-2.12a5,5,0,0,1,7.07,0h0a5,5,0,0,1,0,7.07l-2.12,2.12\" class=\"path\"><\/path><path d=\"M15.83,17.24l-2.12,2.12a5,5,0,0,1-7.07,0h0a5,5,0,0,1,0-7.07l2.12-2.12\" class=\"path\"><\/path><line x1=\"10.17\" y1=\"15.83\" x2=\"15.83\" y2=\"10.17\" class=\"path\"><\/line><\/g><\/svg><\/a><\/div><\/div><\/div><div class=\"post-desc-wrapper bg- has-custom-bg\" style=\"\"><div class=\"post-desc\"><div class=\"post-head\"><div class=\"post-meta clearfix\"><div class=\"author-date\"><span class=\"date\"><i class=\"icon-clock\" aria-label=\"published\"><\/i> <span class=\"post-date updated\">January 23, 2024<\/span><\/span><\/div><div class=\"category\"><span class=\"cat-btn\">Categories <i class=\"icon-down-dir\" aria-hidden=\"true\"><\/i><\/span><div class=\"cat-wrapper\"><ul class=\"post-categories\">\n\t<li><a href=\"https:\/\/boersenpost.com\/en\/category\/news\/\" rel=\"category tag\">News<\/a><\/li><\/ul><\/div><\/div><\/div><\/div><div class=\"post-title\"><h3 class=\"entry-title\" itemprop=\"headline\"><a href=\"https:\/\/boersenpost.com\/en\/2024\/01\/23\/troy-minerals-lac-jacques-project\/\">Lac Jacques Project: Troy Minerals Finds Samples Greater Than 1000 PPM<\/a><\/h3><\/div><div class=\"post-excerpt\">Lac Jacques Project: Troy Minerals Finds Samples Greater Than 1000 PPM \u00a0 Troy Minerals Inc. is thrilled to unveil the results of the 2023 soil geochemical<span class=\"excerpt-hellip\"> [\u2026]<\/span><\/div><div class=\"post-footer\"><span class=\"date\"><i class=\"icon-clock\" aria-label=\"published\"><\/i> <span class=\"post-date updated\">January 23, 2024<\/span><\/span><\/div><\/div><\/div><\/article><article class=\"post post-item isotope-item clearfix post-946 type-post status-publish format-standard has-post-thumbnail hentry category-news\" style=\"\"><div class=\"date_label\">January 23, 2024<\/div><div class=\"button-love\"><\/div><div class=\"image_frame post-photo-wrapper scale-with-grid images_only\"><div class=\"image_wrapper\"><a href=\"https:\/\/boersenpost.com\/en\/2024\/01\/23\/troy-minerals-lake-owen-project\/\"><div class=\"mask\"><\/div><img loading=\"lazy\" decoding=\"async\" width=\"853\" height=\"480\" src=\"https:\/\/boersenpost.com\/wp-content\/uploads\/2024\/01\/Troy_Minerals_Lake_Owen_Images_1-1-1200x675.webp\" class=\"scale-with-grid wp-post-image\" alt=\"\" \/><\/a><div class=\"image_links double\"><a class=\"zoom tooltip\" data-tooltip=\"Zoom\" data-position=\"left\" rel=\"prettyphoto\" href=\"https:\/\/boersenpost.com\/wp-content\/uploads\/2024\/01\/Troy_Minerals_Lake_Owen_Images_1-1-1200x721.webp\"><svg viewBox=\"0 0 26 26\"><defs><style>.path{fill:none;stroke:#333;stroke-miterlimit:10;stroke-width:1.5px;}<\/style><\/defs><circle cx=\"11.35\" cy=\"11.35\" r=\"6\" class=\"path\"><\/circle><line x1=\"15.59\" y1=\"15.59\" x2=\"20.65\" y2=\"20.65\" class=\"path\"><\/line><\/svg><\/a><a class=\"link tooltip\" data-tooltip=\"Details\" data-position=\"left\" href=\"https:\/\/boersenpost.com\/en\/2024\/01\/23\/troy-minerals-lake-owen-project\/\"><svg viewBox=\"0 0 26 26\"><defs><style>.path{fill:none;stroke:#333;stroke-miterlimit:10;stroke-width:1.5px;}<\/style><\/defs><g><path d=\"M10.17,8.76l2.12-2.12a5,5,0,0,1,7.07,0h0a5,5,0,0,1,0,7.07l-2.12,2.12\" class=\"path\"><\/path><path d=\"M15.83,17.24l-2.12,2.12a5,5,0,0,1-7.07,0h0a5,5,0,0,1,0-7.07l2.12-2.12\" class=\"path\"><\/path><line x1=\"10.17\" y1=\"15.83\" x2=\"15.83\" y2=\"10.17\" class=\"path\"><\/line><\/g><\/svg><\/a><\/div><\/div><\/div><div class=\"post-desc-wrapper bg- has-custom-bg\" style=\"\"><div class=\"post-desc\"><div class=\"post-head\"><div class=\"post-meta clearfix\"><div class=\"author-date\"><span class=\"date\"><i class=\"icon-clock\" aria-label=\"published\"><\/i> <span class=\"post-date updated\">January 23, 2024<\/span><\/span><\/div><div class=\"category\"><span class=\"cat-btn\">Categories <i class=\"icon-down-dir\" aria-hidden=\"true\"><\/i><\/span><div class=\"cat-wrapper\"><ul class=\"post-categories\">\n\t<li><a href=\"https:\/\/boersenpost.com\/en\/category\/news\/\" rel=\"category tag\">News<\/a><\/li><\/ul><\/div><\/div><\/div><\/div><div class=\"post-title\"><h3 class=\"entry-title\" itemprop=\"headline\"><a href=\"https:\/\/boersenpost.com\/en\/2024\/01\/23\/troy-minerals-lake-owen-project\/\">Troy Minerals Expands Opportunities with New Claims in Lake Owen Project<\/a><\/h3><\/div><div class=\"post-excerpt\">Troy Minerals Expands Opportunities with New Claims in Lake Owen Project Troy Minerals, a leading player in the mining industry, is delighted to announce the addition<span class=\"excerpt-hellip\"> [\u2026]<\/span><\/div><div class=\"post-footer\"><span class=\"date\"><i class=\"icon-clock\" aria-label=\"published\"><\/i> <span class=\"post-date updated\">January 23, 2024<\/span><\/span><\/div><\/div><\/div><\/article><\/div><\/div>\n<\/div>\n\t\t\t\t<\/div>\n\t\t\t\t<\/div>\n\t\t\t\t\t<\/div>\n\t\t<\/div>\n\t\t\t\t\t<\/div>\n\t\t<\/section>\n\t\t\t\t<section class=\"elementor-section elementor-top-section elementor-element elementor-element-1861144 elementor-section-full_width elementor-section-stretched elementor-section-height-default elementor-section-height-default\" data-id=\"1861144\" data-element_type=\"section\" data-settings=\"{&quot;stretch_section&quot;:&quot;section-stretched&quot;}\">\n\t\t\t\t\t\t<div class=\"elementor-container elementor-column-gap-no\">\n\t\t\t\t\t<div class=\"elementor-column elementor-col-100 elementor-top-column elementor-element elementor-element-bba0e97\" data-id=\"bba0e97\" data-element_type=\"column\">\n\t\t\t<div class=\"elementor-widget-wrap\">\n\t\t\t\t\t\t\t<\/div>\n\t\t<\/div>\n\t\t\t\t\t<\/div>\n\t\t<\/section>\n\t\t\t\t<\/div>\n\t\t","protected":false},"excerpt":{"rendered":"<p>LATEST NEWS Check the latest top news about small caps in one place January 23, 20240 Published by Fran Bernal on January 23, 2024Categories News Unlock<span class=\"excerpt-hellip\"> [\u2026]<\/span><\/p>\n","protected":false},"author":5,"featured_media":0,"parent":0,"menu_order":0,"comment_status":"closed","ping_status":"closed","template":"","meta":{"footnotes":""},"class_list":["post-1038","page","type-page","status-publish","hentry"],"_links":{"self":[{"href":"https:\/\/boersenpost.com\/en\/wp-json\/wp\/v2\/pages\/1038","targetHints":{"allow":["GET"]}}],"collection":[{"href":"https:\/\/boersenpost.com\/en\/wp-json\/wp\/v2\/pages"}],"about":[{"href":"https:\/\/boersenpost.com\/en\/wp-json\/wp\/v2\/types\/page"}],"author":[{"embeddable":true,"href":"https:\/\/boersenpost.com\/en\/wp-json\/wp\/v2\/users\/5"}],"replies":[{"embeddable":true,"href":"https:\/\/boersenpost.com\/en\/wp-json\/wp\/v2\/comments?post=1038"}],"version-history":[{"count":0,"href":"https:\/\/boersenpost.com\/en\/wp-json\/wp\/v2\/pages\/1038\/revisions"}],"wp:attachment":[{"href":"https:\/\/boersenpost.com\/en\/wp-json\/wp\/v2\/media?parent=1038"}],"curies":[{"name":"wp","href":"https:\/\/api.w.org\/{rel}","templated":true}]}}